{"id":13,"date":"2020-11-03T19:56:32","date_gmt":"2020-11-03T19:56:32","guid":{"rendered":"https:\/\/themes.getmotopress.com\/albatross\/accommodations\/"},"modified":"2026-02-06T18:45:09","modified_gmt":"2026-02-06T16:45:09","slug":"nos-chambres-hotes-nantes-centre-ville","status":"publish","type":"page","link":"https:\/\/www.unechambreperchee.fr\/en\/nos-chambres-hotes-nantes-centre-ville\/","title":{"rendered":"Nos chambres d&#8217;h\u00f4tes en centre ville de Nantes"},"content":{"rendered":"<div data-elementor-type=\"wp-page\" data-elementor-id=\"13\" class=\"elementor elementor-13\" data-elementor-post-type=\"page\">\n\t\t\t\t<div class=\"elementor-element elementor-element-d393f57 e-con-full e-flex e-con e-parent\" data-id=\"d393f57\" data-element_type=\"container\" data-settings=\"{&quot;jet_parallax_layout_list&quot;:[]}\">\n\t\t<div class=\"elementor-element elementor-element-076c274 e-con-full e-flex e-con e-child\" data-id=\"076c274\" data-element_type=\"container\" data-settings=\"{&quot;jet_parallax_layout_list&quot;:[]}\">\n\t\t<div class=\"elementor-element elementor-element-9c7aa42 e-con-full e-flex e-con e-child\" data-id=\"9c7aa42\" data-element_type=\"container\" data-settings=\"{&quot;jet_parallax_layout_list&quot;:[]}\">\n\t\t\t\t<div class=\"elementor-element elementor-element-6afa8af elementor-widget elementor-widget-text-editor\" data-id=\"6afa8af\" data-element_type=\"widget\" data-widget_type=\"text-editor.default\">\n\t\t\t\t<div class=\"elementor-widget-container\">\n\t\t\t\t\t\t\t\t\t<p class=\"\" data-start=\"95\" data-end=\"252\"><span class=\"relative -mx-px my-[-0.2rem] rounded px-px py-[0.2rem] transition-colors duration-100 ease-in-out\"><strong data-start=\"0\" data-end=\"61\" data-is-last-node=\"\" data-is-only-node=\"\">Nos chambres d&#8217;h\u00f4tes allient charme et confort, au coeur de Nantes.<\/strong><\/span>\u00a0<\/p><p class=\"\" data-start=\"95\" data-end=\"252\"><span class=\"relative -mx-px my-[-0.2rem] rounded px-px py-[0.2rem] transition-colors duration-100 ease-in-out\">Located in a house typical of the early Twentieth century, each room offers a unique atmosphere, with unobstructed views of the district of Saint-Pasquier, or the garden.<\/span> <span class=\"relative -mx-px my-[-0.2rem] rounded px-px py-[0.2rem] transition-colors duration-100 ease-in-out\">Les espaces sont r\u00e9nov\u00e9s avec soin, m\u00ealant mobilier chin\u00e9 et \u00e9quipements modernes. Nous vous garantissons un s\u00e9jour chaleureux et authentique.<\/span><\/p>\t\t\t\t\t\t\t\t<\/div>\n\t\t\t\t<\/div>\n\t\t\t\t<\/div>\n\t\t\t\t<\/div>\n\t\t\t\t<\/div>\n\t\t<div class=\"elementor-element elementor-element-94f50c e-flex e-con-boxed e-con e-parent\" data-id=\"94f50c\" data-element_type=\"container\" data-settings=\"{&quot;jet_parallax_layout_list&quot;:[]}\">\n\t\t\t\t\t<div class=\"e-con-inner\">\n\t\t\t\t<div class=\"elementor-element elementor-element-9207442 elementor-widget elementor-widget-mphbe-availability\" data-id=\"9207442\" data-element_type=\"widget\" data-settings=\"{&quot;hide_labels&quot;:&quot;no&quot;,&quot;no_paddings&quot;:&quot;no&quot;,&quot;hide_tips&quot;:&quot;no&quot;,&quot;stretch_btn&quot;:&quot;no&quot;}\" data-widget_type=\"mphbe-availability.default\">\n\t\t\t\t<div class=\"elementor-widget-container\">\n\t\t\t\t\t<div class=\"mphb_sc_booking_form-wrapper is-direct-booking is-style-horizontal-form\">\t<form method=\"POST\" action=\"https:\/\/www.unechambreperchee.fr\/en\/confirmation\/\" class=\"mphb-booking-form mphb-booking-form--direct-booking\" id=\"booking-form-767\" data-first_available_check_in_date=\"2026-04-22\" data-trp-original-action=\"https:\/\/www.unechambreperchee.fr\/en\/confirmation\/\">\n\n\t\t<p class=\"mphb-required-fields-tip\"><small>Required fields are followed by <abbr title=\"required\">*<\/abbr><\/small><\/p>\n\t\t<input type=\"hidden\" id=\"mphb-checkout-nonce\" name=\"mphb-checkout-nonce\" value=\"1a6acb0c4d\" \/><input type=\"hidden\" name=\"_wp_http_referer\" value=\"\/en\/wp-json\/wp\/v2\/pages\/13\" \/>\t\t\t\t<input type=\"hidden\" name=\"mphb_room_type_id\" value=\"767\" \/>\n\t\t<p class=\"mphb-check-in-date-wrapper\">\n\t\t\t<label for=\"mphb_check_in_date-69e2fde585418\">\n\t\t\t\tCheck-in Date\t\t\t\t<abbr title=\"Formatted as dd\/mm\/yyyy\">*<\/abbr>\n\t\t\t<\/label>\n\t\t\t<br \/>\n\t\t\t<input id=\"mphb_check_in_date-69e2fde585418\" type=\"text\" class=\"mphb-datepick\" value=\"\" required=\"required\" autocomplete=\"off\" placeholder=\"Check-in Date\" inputmode=\"none\" \/>\n\t\t\t<input id=\"mphb_check_in_date-69e2fde585418-hidden\" type=\"hidden\" name=\"mphb_check_in_date\" value=\"\" \/>\n\t\t<\/p>\n\t\t<p class=\"mphb-check-out-date-wrapper\">\n\t\t\t<label for=\"mphb_check_out_date-69e2fde585418\">\n\t\t\t\tCheck-out Date\t\t\t\t<abbr title=\"Formatted as dd\/mm\/yyyy\">*<\/abbr>\n\t\t\t<\/label>\n\t\t\t<br \/>\n\t\t\t<input id=\"mphb_check_out_date-69e2fde585418\" type=\"text\" class=\"mphb-datepick\" value=\"\" required=\"required\" autocomplete=\"off\" placeholder=\"Check-out Date\" inputmode=\"none\" \/>\n\t\t\t<input id=\"mphb_check_out_date-69e2fde585418-hidden\" type=\"hidden\" name=\"mphb_check_out_date\" value=\"\" \/>\n\t\t<\/p>\n\t\t\t\t\t\t\t<div class=\"mphb-reserve-room-section mphb-hide\">\n\t\t\t\t<p class=\"mphb-rooms-quantity-wrapper mphb-rooms-quantity-multiple mphb-hide\">\n\t\t\t\tReserve <select class=\"mphb-rooms-quantity\" id=\"mphb-rooms-quantity-767\" name=\"mphb_rooms_details[767]\"><option value=\"1\" selected=\"selected\">1<\/option><\/select> of <span class=\"mphb-available-rooms-count\">1<\/span> available accommodations.\t\t\t\t<\/p>\n\t\t\t\t<p class=\"mphb-rooms-quantity-wrapper mphb-rooms-quantity-single mphb-hide\">\n\t\t\t\t\tItalo Calvino is available for selected dates.\t\t\t\t<\/p>\n\t\t\t\t\t\t\t\t<input type=\"hidden\" name=\"mphb_is_direct_booking\" value=\"1\" \/>\n\t\t\t\t<input class=\"button mphb-button mphb-confirm-reservation\" type=\"submit\" value=\"Confirm Reservation\" \/>\n\t\t\t<\/div>\n\t\t\n\t\t<div class=\"mphb-errors-wrapper mphb-hide\"><\/div>\n\t\t<p class=\"mphb-reserve-btn-wrapper\">\n\t\t\t<input class=\"mphb-reserve-btn button\" type=\"submit\" value=\"Check Availability\" \/>\n\t\t<\/p>\n\t<input type=\"hidden\" name=\"trp-form-language\" value=\"en\"\/><\/form>\n\t<\/div>\t\t\t\t<\/div>\n\t\t\t\t<\/div>\n\t\t\t\t<div class=\"elementor-element elementor-element-68d80f15 elementor-widget elementor-widget-shortcode\" data-id=\"68d80f15\" data-element_type=\"widget\" data-widget_type=\"shortcode.default\">\n\t\t\t\t<div class=\"elementor-widget-container\">\n\t\t\t\t\t\t\t<div class=\"elementor-shortcode\"><div class=\"mphb_sc_rooms-wrapper mphb-room-types horizontal\">    <div class=\"rooms-wrapper\">\n\t\n<div class=\"mphb-room-type post-767 mphb_room_type type-mphb_room_type status-publish has-post-thumbnail mphb_room_type_facility-baignoire mphb_room_type_facility-bureau mphb_room_type_facility-linge-de-lit mphb_room_type_facility-linge-de-toilette mphb_room_type_facility-plateau-de-courtoisie mphb_room_type_facility-savon-shampoing mphb_room_type_facility-seche-cheveux mphb_room_type_facility-seche-serviettes mphb_room_type_facility-vasque mphb_room_type_facility-wi-fi mphb-room-type-adults-3 mphb-room-type-children-1 has-taxes-and-fees\">\n\n\t\n\t        <div class=\"mphb-room-type-images\">\n\t\t\t\n\n\t<p class=\"post-thumbnail mphb-loop-room-thumbnail\">\n\t<a href=\"https:\/\/www.unechambreperchee.fr\/en\/accommodation\/italo-calvino-chambre-dhotes-nantes-centre-ville\/\">\n\t<img fetchpriority=\"high\" decoding=\"async\" width=\"1200\" height=\"800\" src=\"https:\/\/www.unechambreperchee.fr\/wp-content\/uploads\/2025\/04\/italo0.jpg\" class=\"attachment-post-thumbnail size-post-thumbnail wp-post-image\" alt=\"Chambre d&#039;h\u00f4tes Nantes Centre-ville. Chambre Italo Calvino\" srcset=\"https:\/\/www.unechambreperchee.fr\/wp-content\/uploads\/2025\/04\/italo0.jpg 1200w, https:\/\/www.unechambreperchee.fr\/wp-content\/uploads\/2025\/04\/italo0-500x333.jpg 500w, https:\/\/www.unechambreperchee.fr\/wp-content\/uploads\/2025\/04\/italo0-1024x683.jpg 1024w, https:\/\/www.unechambreperchee.fr\/wp-content\/uploads\/2025\/04\/italo0-768x512.jpg 768w, https:\/\/www.unechambreperchee.fr\/wp-content\/uploads\/2025\/04\/italo0-18x12.jpg 18w, https:\/\/www.unechambreperchee.fr\/wp-content\/uploads\/2025\/04\/italo0-450x300.jpg 450w\" sizes=\"(max-width: 1200px) 100vw, 1200px\" \/>\t<\/a>\n\n\t<\/p>\n        <\/div>\n\t\t        <div class=\"mphb-room-type-content-wrapper\">\n            <div class=\"mphb-room-type-content\">\n\t\t\t\t                    <div class=\"mphb-room-type-description\">\n\t\t\t\t\t\t\n<h2 class=\"mphb-room-type-title entry-title\">\n\n<a class=\"mphb-room-type-title\" href=\"https:\/\/www.unechambreperchee.fr\/en\/accommodation\/italo-calvino-chambre-dhotes-nantes-centre-ville\/\">Italo Calvino<\/a>\n\n<\/h2>\n\n\t<p class=\"mphb-regular-price\"><strong>Prices start at:<\/strong>\n\t<span class=\"mphb-price\">95<span class=\"mphb-currency\">\u20ac<\/span><\/span> <span class=\"mphb-price-period\" title=\"Choose dates to see relevant prices\">per night<\/span><span class=\"mphb-tax-information taxes-included\"> (+taxes and fees)<\/span>\n\t<\/p>\n\t                            <div class=\"mphb-room-type-excerpt\">\n\t\t\t\t\t\t\t\t\n\n<p>Inspir\u00e9e par sa hauteur, cette suite, compos\u00e9e de deux chambres d&#8217;h\u00f4tes, installe le voyageur dans un espace autre. Perch\u00e9e \u00e0 une quinzaine de m\u00e8tres au-dessus du sol, situ\u00e9e sous les combles, la chambre Italo Calvino est essentiellement bichromique alternant entre le bois ponc\u00e9 et le blanc. Seule la salle de bain, par sa fa\u00efence d\u2019inspiration mauresque, est polychromique.<\/p>\n\n                            <\/div>\n\t\t\t\t\t\t                    <\/div>\n\t\t\t\t                    <div class=\"mphb-room-type-buttons\">\n\t\t\t\t\t\t\n<p class=\"mphb-view-details-button-wrapper\">\n<a class=\"button mphb-view-details-button\" href=\"https:\/\/www.unechambreperchee.fr\/en\/accommodation\/italo-calvino-chambre-dhotes-nantes-centre-ville\/\" >View Details<\/a>\n<\/p>                    <\/div>\n\t\t\t\t            <\/div>\n        <\/div>\n\t\n<\/div>\n\n\n<div class=\"mphb-room-type post-748 mphb_room_type type-mphb_room_type status-publish has-post-thumbnail mphb_room_type_facility-armoire-penderie mphb_room_type_facility-bureau mphb_room_type_facility-douche mphb_room_type_facility-linge-de-lit mphb_room_type_facility-linge-de-toilette mphb_room_type_facility-plateau-de-courtoisie mphb_room_type_facility-savon-shampoing mphb_room_type_facility-seche-cheveux mphb_room_type_facility-seche-serviettes mphb_room_type_facility-vasque mphb_room_type_facility-wi-fi mphb-room-type-adults-4 mphb-room-type-children-0 has-taxes-and-fees\">\n\n\t\n\t        <div class=\"mphb-room-type-images\">\n\t\t\t\n\n\t<p class=\"post-thumbnail mphb-loop-room-thumbnail\">\n\t<a href=\"https:\/\/www.unechambreperchee.fr\/en\/accommodation\/indian-song-chambre-hotes-nantes-centre-ville\/\">\n\t<img decoding=\"async\" width=\"1200\" height=\"800\" src=\"https:\/\/www.unechambreperchee.fr\/wp-content\/uploads\/2025\/04\/indian01.jpg\" class=\"attachment-post-thumbnail size-post-thumbnail wp-post-image\" alt=\"Chambre d&#039;h\u00f4tes Nantes centre-ville.\" srcset=\"https:\/\/www.unechambreperchee.fr\/wp-content\/uploads\/2025\/04\/indian01.jpg 1200w, https:\/\/www.unechambreperchee.fr\/wp-content\/uploads\/2025\/04\/indian01-500x333.jpg 500w, https:\/\/www.unechambreperchee.fr\/wp-content\/uploads\/2025\/04\/indian01-1024x683.jpg 1024w, https:\/\/www.unechambreperchee.fr\/wp-content\/uploads\/2025\/04\/indian01-768x512.jpg 768w, https:\/\/www.unechambreperchee.fr\/wp-content\/uploads\/2025\/04\/indian01-18x12.jpg 18w, https:\/\/www.unechambreperchee.fr\/wp-content\/uploads\/2025\/04\/indian01-450x300.jpg 450w\" sizes=\"(max-width: 1200px) 100vw, 1200px\" \/>\t<\/a>\n\n\t<\/p>\n        <\/div>\n\t\t        <div class=\"mphb-room-type-content-wrapper\">\n            <div class=\"mphb-room-type-content\">\n\t\t\t\t                    <div class=\"mphb-room-type-description\">\n\t\t\t\t\t\t\n<h2 class=\"mphb-room-type-title entry-title\">\n\n<a class=\"mphb-room-type-title\" href=\"https:\/\/www.unechambreperchee.fr\/en\/accommodation\/indian-song-chambre-hotes-nantes-centre-ville\/\">Indian Song<\/a>\n\n<\/h2>\n\n\t<p class=\"mphb-regular-price\"><strong>Prices start at:<\/strong>\n\t<span class=\"mphb-price\">95<span class=\"mphb-currency\">\u20ac<\/span><\/span> <span class=\"mphb-price-period\" title=\"Choose dates to see relevant prices\">per night<\/span><span class=\"mphb-tax-information taxes-included\"> (+taxes and fees)<\/span>\n\t<\/p>\n\t                            <div class=\"mphb-room-type-excerpt\">\n\t\t\t\t\t\t\t\t\n\n<p>Inspir\u00e9e par l\u2019inde, le Moyen-Orient et l\u2019Afrique et calme par son exposition c\u00f4t\u00e9 jardin, la chambre d&#8217;h\u00f4tes Indian Song invite le voyageur \u00e0 la qui\u00e9tude. Chaque couleur et objet pr\u00e9sents contribue \u00e0 l\u2019atmosph\u00e8re de douceur qui s\u2019en d\u00e9gage : les tomettes bordeaux pr\u00e9sentes dans la chambre et la salle d\u2019eau, le couleur curcuma du papier peint, le vert et le bleu nuit des rideaux en velours, la chaleur du bois cir\u00e9 du mobilier. <\/p>\n\n                            <\/div>\n\t\t\t\t\t\t                    <\/div>\n\t\t\t\t                    <div class=\"mphb-room-type-buttons\">\n\t\t\t\t\t\t\n<p class=\"mphb-view-details-button-wrapper\">\n<a class=\"button mphb-view-details-button\" href=\"https:\/\/www.unechambreperchee.fr\/en\/accommodation\/indian-song-chambre-hotes-nantes-centre-ville\/\" >View Details<\/a>\n<\/p>                    <\/div>\n\t\t\t\t            <\/div>\n        <\/div>\n\t\n<\/div>\n\n\n<div class=\"mphb-room-type post-75 mphb_room_type type-mphb_room_type status-publish has-post-thumbnail mphb_room_type_facility-armoire-penderie mphb_room_type_facility-bureau mphb_room_type_facility-douche mphb_room_type_facility-linge-de-lit mphb_room_type_facility-linge-de-toilette mphb_room_type_facility-plateau-de-courtoisie mphb_room_type_facility-savon-shampoing mphb_room_type_facility-seche-cheveux mphb_room_type_facility-seche-serviettes mphb_room_type_facility-vasque mphb_room_type_facility-wi-fi mphb-room-type-adults-5 mphb-room-type-children-0 has-taxes-and-fees\">\n\n\t\n\t        <div class=\"mphb-room-type-images\">\n\t\t\t\n\n\t<p class=\"post-thumbnail mphb-loop-room-thumbnail\">\n\t<a href=\"https:\/\/www.unechambreperchee.fr\/en\/accommodation\/pearl-buck\/\">\n\t<img decoding=\"async\" width=\"1600\" height=\"1067\" src=\"https:\/\/www.unechambreperchee.fr\/wp-content\/uploads\/2020\/11\/pearl1.jpg\" class=\"attachment-post-thumbnail size-post-thumbnail wp-post-image\" alt=\"Maison d&#039;h\u00f4tes Nantes centre ville, chambre Pearl Buck\" srcset=\"https:\/\/www.unechambreperchee.fr\/wp-content\/uploads\/2020\/11\/pearl1.jpg 1600w, https:\/\/www.unechambreperchee.fr\/wp-content\/uploads\/2020\/11\/pearl1-500x333.jpg 500w, https:\/\/www.unechambreperchee.fr\/wp-content\/uploads\/2020\/11\/pearl1-1024x683.jpg 1024w, https:\/\/www.unechambreperchee.fr\/wp-content\/uploads\/2020\/11\/pearl1-768x512.jpg 768w, https:\/\/www.unechambreperchee.fr\/wp-content\/uploads\/2020\/11\/pearl1-1536x1024.jpg 1536w, https:\/\/www.unechambreperchee.fr\/wp-content\/uploads\/2020\/11\/pearl1-18x12.jpg 18w, https:\/\/www.unechambreperchee.fr\/wp-content\/uploads\/2020\/11\/pearl1-450x300.jpg 450w\" sizes=\"(max-width: 1600px) 100vw, 1600px\" \/>\t<\/a>\n\n\t<\/p>\n        <\/div>\n\t\t        <div class=\"mphb-room-type-content-wrapper\">\n            <div class=\"mphb-room-type-content\">\n\t\t\t\t                    <div class=\"mphb-room-type-description\">\n\t\t\t\t\t\t\n<h2 class=\"mphb-room-type-title entry-title\">\n\n<a class=\"mphb-room-type-title\" href=\"https:\/\/www.unechambreperchee.fr\/en\/accommodation\/pearl-buck\/\">Pearl Buck<\/a>\n\n<\/h2>\n\n\t<p class=\"mphb-regular-price\"><strong>Prices start at:<\/strong>\n\t<span class=\"mphb-price\">100<span class=\"mphb-currency\">\u20ac<\/span><\/span> <span class=\"mphb-price-period\" title=\"Choose dates to see relevant prices\">per night<\/span><span class=\"mphb-tax-information taxes-included\"> (+taxes and fees)<\/span>\n\t<\/p>\n\t                            <div class=\"mphb-room-type-excerpt\">\n\t\t\t\t\t\t\t\t\n\n<p>Inspir\u00e9e par la litt\u00e9rature et lumineuse par son exposition plein sud, la chambre d&#8217;h\u00f4tes Pearl Buck invite le voyageur \u00e0 la r\u00eaverie. Chaque \u00e9l\u00e9ment contribue \u00e0 l\u2019atmosph\u00e8re de s\u00e9r\u00e9nit\u00e9 qui s\u2019en d\u00e9gage : le parquet pr\u00e9sent dans la chambre et la salle d\u2019eau, l\u2019\u00e9tendue de pivoines sur l\u2019un des murs, la m\u00e9ridienne en velours, le mobilier en bois cir\u00e9.<\/p>\n\n                            <\/div>\n\t\t\t\t\t\t                    <\/div>\n\t\t\t\t                    <div class=\"mphb-room-type-buttons\">\n\t\t\t\t\t\t\n<p class=\"mphb-view-details-button-wrapper\">\n<a class=\"button mphb-view-details-button\" href=\"https:\/\/www.unechambreperchee.fr\/en\/accommodation\/pearl-buck\/\" >View Details<\/a>\n<\/p>                    <\/div>\n\t\t\t\t            <\/div>\n        <\/div>\n\t\n<\/div>\n\n    <\/div>\n\t<\/div><\/div>\n\t\t\t\t\t\t<\/div>\n\t\t\t\t<\/div>\n\t\t\t\t\t<\/div>\n\t\t\t\t<\/div>\n\t\t\t\t<\/div>","protected":false},"excerpt":{"rendered":"<p>Nos chambres d&#8217;h\u00f4tes allient charme et confort, au coeur de Nantes.\u00a0 Situ\u00e9es dans une maison typique du d\u00e9but du XXe si\u00e8cle, chaque chambre offre une atmosph\u00e8re singuli\u00e8re, avec des vues d\u00e9gag\u00e9es sur le quartier Saint-Pasquier ou le jardin. Les espaces sont r\u00e9nov\u00e9s avec soin, m\u00ealant mobilier chin\u00e9 et \u00e9quipements modernes. Nous vous garantissons un s\u00e9jour [&hellip;]<\/p>","protected":false},"author":1,"featured_media":0,"parent":0,"menu_order":0,"comment_status":"closed","ping_status":"closed","template":"template-page-wide.php","meta":{"inline_featured_image":false,"footnotes":""},"class_list":["post-13","page","type-page","status-publish","hentry"],"yoast_head":"<!-- This site is optimized with the Yoast SEO plugin v25.3 - https:\/\/yoast.com\/wordpress\/plugins\/seo\/ -->\n<title>Chambre d&#039;h\u00f4tes - \u00c0 partir de 95\u20ac\/nuit - Nantes Centre<\/title>\n<meta name=\"description\" content=\"Installez-vous confortablement dans nos chambres d&#039;h\u00f4tes en centre-ville de Nantes. Un s\u00e9jour agr\u00e9able \u00e0 partir de 95\u20ac\/nuit pour 2 voyageurs.\" \/>\n<meta name=\"robots\" content=\"index, follow, max-snippet:-1, max-image-preview:large, max-video-preview:-1\" \/>\n<link rel=\"canonical\" href=\"https:\/\/www.unechambreperchee.fr\/en\/nos-chambres-hotes-nantes-centre-ville\/\" \/>\n<meta property=\"og:locale\" content=\"en_GB\" \/>\n<meta property=\"og:type\" content=\"article\" \/>\n<meta property=\"og:title\" content=\"Chambre d&#039;h\u00f4tes - \u00c0 partir de 95\u20ac\/nuit - Nantes Centre\" \/>\n<meta property=\"og:description\" content=\"Installez-vous confortablement dans nos chambres d&#039;h\u00f4tes en centre-ville de Nantes. Un s\u00e9jour agr\u00e9able \u00e0 partir de 95\u20ac\/nuit pour 2 voyageurs.\" \/>\n<meta property=\"og:url\" content=\"https:\/\/www.unechambreperchee.fr\/en\/nos-chambres-hotes-nantes-centre-ville\/\" \/>\n<meta property=\"og:site_name\" content=\"Une chambre perch\u00e9e - Maison d&#039;h\u00f4tes \u00e0 Nantes\" \/>\n<meta property=\"article:modified_time\" content=\"2026-02-06T16:45:09+00:00\" \/>\n<meta name=\"twitter:card\" content=\"summary_large_image\" \/>\n<meta name=\"twitter:label1\" content=\"Estimated reading time\" \/>\n\t<meta name=\"twitter:data1\" content=\"1 minute\" \/>\n<script type=\"application\/ld+json\" class=\"yoast-schema-graph\">{\"@context\":\"https:\/\/schema.org\",\"@graph\":[{\"@type\":\"WebPage\",\"@id\":\"https:\/\/www.unechambreperchee.fr\/nos-chambres-hotes-nantes-centre-ville\/\",\"url\":\"https:\/\/www.unechambreperchee.fr\/nos-chambres-hotes-nantes-centre-ville\/\",\"name\":\"Chambre d'h\u00f4tes - \u00c0 partir de 95\u20ac\/nuit - Nantes Centre\",\"isPartOf\":{\"@id\":\"https:\/\/www.unechambreperchee.fr\/#website\"},\"datePublished\":\"2020-11-03T19:56:32+00:00\",\"dateModified\":\"2026-02-06T16:45:09+00:00\",\"description\":\"Installez-vous confortablement dans nos chambres d'h\u00f4tes en centre-ville de Nantes. Un s\u00e9jour agr\u00e9able \u00e0 partir de 95\u20ac\/nuit pour 2 voyageurs.\",\"breadcrumb\":{\"@id\":\"https:\/\/www.unechambreperchee.fr\/nos-chambres-hotes-nantes-centre-ville\/#breadcrumb\"},\"inLanguage\":\"en-GB\",\"potentialAction\":[{\"@type\":\"ReadAction\",\"target\":[\"https:\/\/www.unechambreperchee.fr\/nos-chambres-hotes-nantes-centre-ville\/\"]}]},{\"@type\":\"BreadcrumbList\",\"@id\":\"https:\/\/www.unechambreperchee.fr\/nos-chambres-hotes-nantes-centre-ville\/#breadcrumb\",\"itemListElement\":[{\"@type\":\"ListItem\",\"position\":1,\"name\":\"Accueil\",\"item\":\"https:\/\/www.unechambreperchee.fr\/\"},{\"@type\":\"ListItem\",\"position\":2,\"name\":\"Nos chambres d&#8217;h\u00f4tes en centre ville de Nantes\"}]},{\"@type\":\"WebSite\",\"@id\":\"https:\/\/www.unechambreperchee.fr\/#website\",\"url\":\"https:\/\/www.unechambreperchee.fr\/\",\"name\":\"Un chambre Perch\u00e9e\",\"description\":\"Maison d&#039;h\u00f4tes \u00e0 Nantes centre\",\"publisher\":{\"@id\":\"https:\/\/www.unechambreperchee.fr\/#organization\"},\"potentialAction\":[{\"@type\":\"SearchAction\",\"target\":{\"@type\":\"EntryPoint\",\"urlTemplate\":\"https:\/\/www.unechambreperchee.fr\/?s={search_term_string}\"},\"query-input\":{\"@type\":\"PropertyValueSpecification\",\"valueRequired\":true,\"valueName\":\"search_term_string\"}}],\"inLanguage\":\"en-GB\"},{\"@type\":\"Organization\",\"@id\":\"https:\/\/www.unechambreperchee.fr\/#organization\",\"name\":\"Un chambre Perch\u00e9e\",\"url\":\"https:\/\/www.unechambreperchee.fr\/\",\"logo\":{\"@type\":\"ImageObject\",\"inLanguage\":\"en-GB\",\"@id\":\"https:\/\/www.unechambreperchee.fr\/#\/schema\/logo\/image\/\",\"url\":\"https:\/\/www.unechambreperchee.fr\/wp-content\/uploads\/2025\/04\/logo-cp-1.png\",\"contentUrl\":\"https:\/\/www.unechambreperchee.fr\/wp-content\/uploads\/2025\/04\/logo-cp-1.png\",\"width\":261,\"height\":261,\"caption\":\"Un chambre Perch\u00e9e\"},\"image\":{\"@id\":\"https:\/\/www.unechambreperchee.fr\/#\/schema\/logo\/image\/\"}}]}<\/script>\n<!-- \/ Yoast SEO plugin. -->","yoast_head_json":{"title":"Chambre d'h\u00f4tes - \u00c0 partir de 95\u20ac\/nuit - Nantes Centre","description":"Installez-vous confortablement dans nos chambres d'h\u00f4tes en centre-ville de Nantes. Un s\u00e9jour agr\u00e9able \u00e0 partir de 95\u20ac\/nuit pour 2 voyageurs.","robots":{"index":"index","follow":"follow","max-snippet":"max-snippet:-1","max-image-preview":"max-image-preview:large","max-video-preview":"max-video-preview:-1"},"canonical":"https:\/\/www.unechambreperchee.fr\/en\/nos-chambres-hotes-nantes-centre-ville\/","og_locale":"en_GB","og_type":"article","og_title":"Chambre d'h\u00f4tes - \u00c0 partir de 95\u20ac\/nuit - Nantes Centre","og_description":"Installez-vous confortablement dans nos chambres d'h\u00f4tes en centre-ville de Nantes. Un s\u00e9jour agr\u00e9able \u00e0 partir de 95\u20ac\/nuit pour 2 voyageurs.","og_url":"https:\/\/www.unechambreperchee.fr\/en\/nos-chambres-hotes-nantes-centre-ville\/","og_site_name":"Une chambre perch\u00e9e - Maison d&#039;h\u00f4tes \u00e0 Nantes","article_modified_time":"2026-02-06T16:45:09+00:00","twitter_card":"summary_large_image","twitter_misc":{"Estimated reading time":"1 minute"},"schema":{"@context":"https:\/\/schema.org","@graph":[{"@type":"WebPage","@id":"https:\/\/www.unechambreperchee.fr\/nos-chambres-hotes-nantes-centre-ville\/","url":"https:\/\/www.unechambreperchee.fr\/nos-chambres-hotes-nantes-centre-ville\/","name":"Chambre d'h\u00f4tes - \u00c0 partir de 95\u20ac\/nuit - Nantes Centre","isPartOf":{"@id":"https:\/\/www.unechambreperchee.fr\/#website"},"datePublished":"2020-11-03T19:56:32+00:00","dateModified":"2026-02-06T16:45:09+00:00","description":"Installez-vous confortablement dans nos chambres d'h\u00f4tes en centre-ville de Nantes. Un s\u00e9jour agr\u00e9able \u00e0 partir de 95\u20ac\/nuit pour 2 voyageurs.","breadcrumb":{"@id":"https:\/\/www.unechambreperchee.fr\/nos-chambres-hotes-nantes-centre-ville\/#breadcrumb"},"inLanguage":"en-GB","potentialAction":[{"@type":"ReadAction","target":["https:\/\/www.unechambreperchee.fr\/nos-chambres-hotes-nantes-centre-ville\/"]}]},{"@type":"BreadcrumbList","@id":"https:\/\/www.unechambreperchee.fr\/nos-chambres-hotes-nantes-centre-ville\/#breadcrumb","itemListElement":[{"@type":"ListItem","position":1,"name":"Accueil","item":"https:\/\/www.unechambreperchee.fr\/"},{"@type":"ListItem","position":2,"name":"Nos chambres d&#8217;h\u00f4tes en centre ville de Nantes"}]},{"@type":"WebSite","@id":"https:\/\/www.unechambreperchee.fr\/#website","url":"https:\/\/www.unechambreperchee.fr\/","name":"Un chambre Perch\u00e9e","description":"Maison d&#039;h\u00f4tes \u00e0 Nantes centre","publisher":{"@id":"https:\/\/www.unechambreperchee.fr\/#organization"},"potentialAction":[{"@type":"SearchAction","target":{"@type":"EntryPoint","urlTemplate":"https:\/\/www.unechambreperchee.fr\/?s={search_term_string}"},"query-input":{"@type":"PropertyValueSpecification","valueRequired":true,"valueName":"search_term_string"}}],"inLanguage":"en-GB"},{"@type":"Organization","@id":"https:\/\/www.unechambreperchee.fr\/#organization","name":"Un chambre Perch\u00e9e","url":"https:\/\/www.unechambreperchee.fr\/","logo":{"@type":"ImageObject","inLanguage":"en-GB","@id":"https:\/\/www.unechambreperchee.fr\/#\/schema\/logo\/image\/","url":"https:\/\/www.unechambreperchee.fr\/wp-content\/uploads\/2025\/04\/logo-cp-1.png","contentUrl":"https:\/\/www.unechambreperchee.fr\/wp-content\/uploads\/2025\/04\/logo-cp-1.png","width":261,"height":261,"caption":"Un chambre Perch\u00e9e"},"image":{"@id":"https:\/\/www.unechambreperchee.fr\/#\/schema\/logo\/image\/"}}]}},"_links":{"self":[{"href":"https:\/\/www.unechambreperchee.fr\/en\/wp-json\/wp\/v2\/pages\/13","targetHints":{"allow":["GET"]}}],"collection":[{"href":"https:\/\/www.unechambreperchee.fr\/en\/wp-json\/wp\/v2\/pages"}],"about":[{"href":"https:\/\/www.unechambreperchee.fr\/en\/wp-json\/wp\/v2\/types\/page"}],"author":[{"embeddable":true,"href":"https:\/\/www.unechambreperchee.fr\/en\/wp-json\/wp\/v2\/users\/1"}],"replies":[{"embeddable":true,"href":"https:\/\/www.unechambreperchee.fr\/en\/wp-json\/wp\/v2\/comments?post=13"}],"version-history":[{"count":34,"href":"https:\/\/www.unechambreperchee.fr\/en\/wp-json\/wp\/v2\/pages\/13\/revisions"}],"predecessor-version":[{"id":7941,"href":"https:\/\/www.unechambreperchee.fr\/en\/wp-json\/wp\/v2\/pages\/13\/revisions\/7941"}],"wp:attachment":[{"href":"https:\/\/www.unechambreperchee.fr\/en\/wp-json\/wp\/v2\/media?parent=13"}],"curies":[{"name":"wp","href":"https:\/\/api.w.org\/{rel}","templated":true}]}}