{"id":20,"date":"2020-11-03T19:56:32","date_gmt":"2020-11-03T19:56:32","guid":{"rendered":"https:\/\/themes.getmotopress.com\/albatross\/booking-confirmation\/transaction-failed\/"},"modified":"2025-04-12T14:15:34","modified_gmt":"2025-04-12T14:15:34","slug":"transaction-echouee","status":"publish","type":"page","link":"https:\/\/www.unechambreperchee.fr\/en\/confirmation\/transaction-echouee\/","title":{"rendered":"Transaction \u00e9chou\u00e9e"},"content":{"rendered":"<p>Unfortunately, your transaction cannot be completed at this time. Please try again or contact us.<\/p>","protected":false},"excerpt":{"rendered":"<p>Unfortunately, your transaction cannot be completed at this time. Please try again or contact us.<\/p>","protected":false},"author":1,"featured_media":0,"parent":16,"menu_order":0,"comment_status":"closed","ping_status":"closed","template":"","meta":{"inline_featured_image":false,"footnotes":""},"class_list":["post-20","page","type-page","status-publish","hentry"],"yoast_head":"<!-- This site is optimized with the Yoast SEO plugin v27.4 - https:\/\/yoast.com\/product\/yoast-seo-wordpress\/ -->\n<title>Transaction \u00e9chou\u00e9e - Une chambre perch\u00e9e - Maison d&#039;h\u00f4tes \u00e0 Nantes<\/title>\n<meta name=\"robots\" content=\"index, follow, max-snippet:-1, max-image-preview:large, max-video-preview:-1\" \/>\n<link rel=\"canonical\" href=\"https:\/\/www.unechambreperchee.fr\/en\/confirmation\/transaction-echouee\/\" \/>\n<meta property=\"og:locale\" content=\"en_GB\" \/>\n<meta property=\"og:type\" content=\"article\" \/>\n<meta property=\"og:title\" content=\"Transaction \u00e9chou\u00e9e - Une chambre perch\u00e9e - Maison d&#039;h\u00f4tes \u00e0 Nantes\" \/>\n<meta property=\"og:description\" content=\"Unfortunately, your transaction cannot be completed at this time. Please try again or contact us.\" \/>\n<meta property=\"og:url\" content=\"https:\/\/www.unechambreperchee.fr\/en\/confirmation\/transaction-echouee\/\" \/>\n<meta property=\"og:site_name\" content=\"Une chambre perch\u00e9e - Maison d&#039;h\u00f4tes \u00e0 Nantes\" \/>\n<meta property=\"article:modified_time\" content=\"2025-04-12T14:15:34+00:00\" \/>\n<meta name=\"twitter:card\" content=\"summary_large_image\" \/>\n<script type=\"application\/ld+json\" class=\"yoast-schema-graph\">{\"@context\":\"https:\\\/\\\/schema.org\",\"@graph\":[{\"@type\":\"WebPage\",\"@id\":\"https:\\\/\\\/www.unechambreperchee.fr\\\/confirmation\\\/transaction-echouee\\\/\",\"url\":\"https:\\\/\\\/www.unechambreperchee.fr\\\/confirmation\\\/transaction-echouee\\\/\",\"name\":\"Transaction \u00e9chou\u00e9e - Une chambre perch\u00e9e - Maison d&#039;h\u00f4tes \u00e0 Nantes\",\"isPartOf\":{\"@id\":\"https:\\\/\\\/www.unechambreperchee.fr\\\/#website\"},\"datePublished\":\"2020-11-03T19:56:32+00:00\",\"dateModified\":\"2025-04-12T14:15:34+00:00\",\"breadcrumb\":{\"@id\":\"https:\\\/\\\/www.unechambreperchee.fr\\\/confirmation\\\/transaction-echouee\\\/#breadcrumb\"},\"inLanguage\":\"en-GB\",\"potentialAction\":[{\"@type\":\"ReadAction\",\"target\":[\"https:\\\/\\\/www.unechambreperchee.fr\\\/confirmation\\\/transaction-echouee\\\/\"]}]},{\"@type\":\"BreadcrumbList\",\"@id\":\"https:\\\/\\\/www.unechambreperchee.fr\\\/confirmation\\\/transaction-echouee\\\/#breadcrumb\",\"itemListElement\":[{\"@type\":\"ListItem\",\"position\":1,\"name\":\"Accueil\",\"item\":\"https:\\\/\\\/www.unechambreperchee.fr\\\/\"},{\"@type\":\"ListItem\",\"position\":2,\"name\":\"Confirmation\",\"item\":\"https:\\\/\\\/www.unechambreperchee.fr\\\/confirmation\\\/\"},{\"@type\":\"ListItem\",\"position\":3,\"name\":\"Transaction \u00e9chou\u00e9e\"}]},{\"@type\":\"WebSite\",\"@id\":\"https:\\\/\\\/www.unechambreperchee.fr\\\/#website\",\"url\":\"https:\\\/\\\/www.unechambreperchee.fr\\\/\",\"name\":\"Un chambre Perch\u00e9e\",\"description\":\"Maison d&#039;h\u00f4tes \u00e0 Nantes centre\",\"publisher\":{\"@id\":\"https:\\\/\\\/www.unechambreperchee.fr\\\/#organization\"},\"potentialAction\":[{\"@type\":\"SearchAction\",\"target\":{\"@type\":\"EntryPoint\",\"urlTemplate\":\"https:\\\/\\\/www.unechambreperchee.fr\\\/?s={search_term_string}\"},\"query-input\":{\"@type\":\"PropertyValueSpecification\",\"valueRequired\":true,\"valueName\":\"search_term_string\"}}],\"inLanguage\":\"en-GB\"},{\"@type\":\"Organization\",\"@id\":\"https:\\\/\\\/www.unechambreperchee.fr\\\/#organization\",\"name\":\"Un chambre Perch\u00e9e\",\"url\":\"https:\\\/\\\/www.unechambreperchee.fr\\\/\",\"logo\":{\"@type\":\"ImageObject\",\"inLanguage\":\"en-GB\",\"@id\":\"https:\\\/\\\/www.unechambreperchee.fr\\\/#\\\/schema\\\/logo\\\/image\\\/\",\"url\":\"https:\\\/\\\/www.unechambreperchee.fr\\\/wp-content\\\/uploads\\\/2025\\\/04\\\/logo-cp-1.png\",\"contentUrl\":\"https:\\\/\\\/www.unechambreperchee.fr\\\/wp-content\\\/uploads\\\/2025\\\/04\\\/logo-cp-1.png\",\"width\":261,\"height\":261,\"caption\":\"Un chambre Perch\u00e9e\"},\"image\":{\"@id\":\"https:\\\/\\\/www.unechambreperchee.fr\\\/#\\\/schema\\\/logo\\\/image\\\/\"}}]}<\/script>\n<!-- \/ Yoast SEO plugin. -->","yoast_head_json":{"title":"Transaction \u00e9chou\u00e9e - Une chambre perch\u00e9e - Maison d&#039;h\u00f4tes \u00e0 Nantes","robots":{"index":"index","follow":"follow","max-snippet":"max-snippet:-1","max-image-preview":"max-image-preview:large","max-video-preview":"max-video-preview:-1"},"canonical":"https:\/\/www.unechambreperchee.fr\/en\/confirmation\/transaction-echouee\/","og_locale":"en_GB","og_type":"article","og_title":"Transaction \u00e9chou\u00e9e - Une chambre perch\u00e9e - Maison d&#039;h\u00f4tes \u00e0 Nantes","og_description":"Unfortunately, your transaction cannot be completed at this time. Please try again or contact us.","og_url":"https:\/\/www.unechambreperchee.fr\/en\/confirmation\/transaction-echouee\/","og_site_name":"Une chambre perch\u00e9e - Maison d&#039;h\u00f4tes \u00e0 Nantes","article_modified_time":"2025-04-12T14:15:34+00:00","twitter_card":"summary_large_image","schema":{"@context":"https:\/\/schema.org","@graph":[{"@type":"WebPage","@id":"https:\/\/www.unechambreperchee.fr\/confirmation\/transaction-echouee\/","url":"https:\/\/www.unechambreperchee.fr\/confirmation\/transaction-echouee\/","name":"Transaction \u00e9chou\u00e9e - Une chambre perch\u00e9e - Maison d&#039;h\u00f4tes \u00e0 Nantes","isPartOf":{"@id":"https:\/\/www.unechambreperchee.fr\/#website"},"datePublished":"2020-11-03T19:56:32+00:00","dateModified":"2025-04-12T14:15:34+00:00","breadcrumb":{"@id":"https:\/\/www.unechambreperchee.fr\/confirmation\/transaction-echouee\/#breadcrumb"},"inLanguage":"en-GB","potentialAction":[{"@type":"ReadAction","target":["https:\/\/www.unechambreperchee.fr\/confirmation\/transaction-echouee\/"]}]},{"@type":"BreadcrumbList","@id":"https:\/\/www.unechambreperchee.fr\/confirmation\/transaction-echouee\/#breadcrumb","itemListElement":[{"@type":"ListItem","position":1,"name":"Accueil","item":"https:\/\/www.unechambreperchee.fr\/"},{"@type":"ListItem","position":2,"name":"Confirmation","item":"https:\/\/www.unechambreperchee.fr\/confirmation\/"},{"@type":"ListItem","position":3,"name":"Transaction \u00e9chou\u00e9e"}]},{"@type":"WebSite","@id":"https:\/\/www.unechambreperchee.fr\/#website","url":"https:\/\/www.unechambreperchee.fr\/","name":"Un chambre Perch\u00e9e","description":"Maison d&#039;h\u00f4tes \u00e0 Nantes centre","publisher":{"@id":"https:\/\/www.unechambreperchee.fr\/#organization"},"potentialAction":[{"@type":"SearchAction","target":{"@type":"EntryPoint","urlTemplate":"https:\/\/www.unechambreperchee.fr\/?s={search_term_string}"},"query-input":{"@type":"PropertyValueSpecification","valueRequired":true,"valueName":"search_term_string"}}],"inLanguage":"en-GB"},{"@type":"Organization","@id":"https:\/\/www.unechambreperchee.fr\/#organization","name":"Un chambre Perch\u00e9e","url":"https:\/\/www.unechambreperchee.fr\/","logo":{"@type":"ImageObject","inLanguage":"en-GB","@id":"https:\/\/www.unechambreperchee.fr\/#\/schema\/logo\/image\/","url":"https:\/\/www.unechambreperchee.fr\/wp-content\/uploads\/2025\/04\/logo-cp-1.png","contentUrl":"https:\/\/www.unechambreperchee.fr\/wp-content\/uploads\/2025\/04\/logo-cp-1.png","width":261,"height":261,"caption":"Un chambre Perch\u00e9e"},"image":{"@id":"https:\/\/www.unechambreperchee.fr\/#\/schema\/logo\/image\/"}}]}},"_links":{"self":[{"href":"https:\/\/www.unechambreperchee.fr\/en\/wp-json\/wp\/v2\/pages\/20","targetHints":{"allow":["GET"]}}],"collection":[{"href":"https:\/\/www.unechambreperchee.fr\/en\/wp-json\/wp\/v2\/pages"}],"about":[{"href":"https:\/\/www.unechambreperchee.fr\/en\/wp-json\/wp\/v2\/types\/page"}],"author":[{"embeddable":true,"href":"https:\/\/www.unechambreperchee.fr\/en\/wp-json\/wp\/v2\/users\/1"}],"replies":[{"embeddable":true,"href":"https:\/\/www.unechambreperchee.fr\/en\/wp-json\/wp\/v2\/comments?post=20"}],"version-history":[{"count":1,"href":"https:\/\/www.unechambreperchee.fr\/en\/wp-json\/wp\/v2\/pages\/20\/revisions"}],"predecessor-version":[{"id":448,"href":"https:\/\/www.unechambreperchee.fr\/en\/wp-json\/wp\/v2\/pages\/20\/revisions\/448"}],"up":[{"embeddable":true,"href":"https:\/\/www.unechambreperchee.fr\/en\/wp-json\/wp\/v2\/pages\/16"}],"wp:attachment":[{"href":"https:\/\/www.unechambreperchee.fr\/en\/wp-json\/wp\/v2\/media?parent=20"}],"curies":[{"name":"wp","href":"https:\/\/api.w.org\/{rel}","templated":true}]}}