{"id":3,"date":"2025-04-09T22:40:11","date_gmt":"2025-04-09T22:40:11","guid":{"rendered":"http:\/\/une-chambre-perche.local\/?page_id=3"},"modified":"2025-05-06T07:07:04","modified_gmt":"2025-05-06T07:07:04","slug":"mentions-legales","status":"publish","type":"page","link":"https:\/\/www.unechambreperchee.fr\/en\/mentions-legales\/","title":{"rendered":"Legal notices"},"content":{"rendered":"<p><b>1 &#8211; \u00c9dition du site<\/b><\/p>\r\n<p><span style=\"font-weight: 400;\">En vertu de\u00a0<\/span><a href=\"https:\/\/www.legifrance.gouv.fr\/affichTexte.do?cidTexte=JORFTEXT000000801164#LEGIARTI000042038977\"><span style=\"font-weight: 400;\">l&#8217;article 6 de la loi n\u00b0 2004-575 du 21 juin 2004<\/span><\/a><span style=\"font-weight: 400;\">\u00a0pour la confiance dans l&#8217;\u00e9conomie num\u00e9rique, il est pr\u00e9cis\u00e9 aux utilisateurs du site internet\u00a0<\/span><a href=\"https:\/\/www.unechambreperchee.fr\/en\/\"><b>https:\/\/www.unechambreperchee.fr<\/b><\/a> <span style=\"font-weight: 400;\">l&#8217;identit\u00e9 des diff\u00e9rents intervenants dans le cadre de sa r\u00e9alisation et de son suivi:<\/span><\/p>\r\n<p><b>Propri\u00e9taire du site :\u00a0<\/b><span style=\"font-weight: 400;\">Jean-Fran\u00e7ois Saurier &#8211; Une chambre perch\u00e9e<\/span><\/p>\r\n<p><span style=\"font-weight: 400;\">Contact :\u00a0<\/span><a href=\"mailto:contact@unechambreperchee.fr\"><span style=\"font-weight: 400;\">contact@unechambreperchee.fr<\/span><\/a><span style=\"font-weight: 400;\">\u00a0<\/span><\/p>\r\n<p><span style=\"font-weight: 400;\">T\u00e9l\u00e9phone\u00a0: 0646635694<\/span><\/p>\r\n<p><span style=\"font-weight: 400;\">Adresse :\u00a016 rue des Pr\u00e9s &#8211; 44000 Nantes.<\/span><\/p>\r\n<p><b>Identification de l&#8217;entreprise :<\/b><span style=\"font-weight: 400;\">\u00a0<\/span><\/p>\r\n<p><span style=\"font-weight: 400;\">Jean-Fran\u00e7ois Saurier &#8211; Une chambre perch\u00e9e\u00a0<\/span><\/p>\r\n<p><span style=\"font-weight: 400;\">Entrepreneur individuel &#8211; SIREN :\u00a095289618100015<\/span><\/p>\r\n<p><span style=\"font-weight: 400;\">Adresse postale :\u00a016 rue des Pr\u00e9s &#8211; 44000 Nantes<\/span><\/p>\r\n<p><span style=\"font-weight: 400;\">Conditions g\u00e9n\u00e9rales de vente\u00a0: <\/span><a href=\"https:\/\/www.unechambreperchee.fr\/en\/conditions-generales-de-ventes\/\"><span style=\"font-weight: 400;\">https:\/\/www.unechambreperchee.fr\/conditions-generales-de-ventes<\/span><\/a><\/p>\r\n<p><b>Directeur de la publication : Jean-Fran\u00e7ois Saurier\u00a0<\/b><span style=\"font-weight: 400;\">&#8211; Contact :\u00a0jfsaurier@unechambreperchee.fr<\/span><\/p>\r\n<p><b>H\u00e9bergeur :<\/b><span style=\"font-weight: 400;\">\u00a0HOSTINGER INTERNATIONAL LTD, 61 Lordou Vironos Street, 6023 Larnaca, Chypre joignable \u00e0 l\u2019adresse suivante\u00a0: <\/span><a href=\"https:\/\/www.hostinger.fr\/contact\"><span style=\"font-weight: 400;\">https:\/\/www.hostinger.fr\/contact<\/span><\/a><\/p>\r\n<p><b>D\u00e9l\u00e9gu\u00e9 \u00e0 la protection des donn\u00e9es :\u00a0<\/b><span style=\"font-weight: 400;\">Jean-Fran\u00e7ois Saurier \u2013 Contact\u00a0: jfsaurier@unechambreperchee.fr<\/span><\/p>\r\n<p><b>Autres contributeurs :<\/b><span style=\"font-weight: 400;\">\u00a0Agence web DIGINATIVE &#8211; Stevan R\u00e9hault \u2013 contact\u00a0: stevan@diginative.fr<\/span><\/p>\r\n<p><b>2 &#8211; Propri\u00e9t\u00e9 intellectuelle et contrefa\u00e7ons.<\/b><\/p>\r\n<p><b>Jean-Fran\u00e7ois Saurier- Une chambre perch\u00e9e<\/b><span style=\"font-weight: 400;\">\u00a0est propri\u00e9taire des droits de propri\u00e9t\u00e9 intellectuelle et d\u00e9tient les droits d\u2019usage sur tous les \u00e9l\u00e9ments accessibles sur le site internet, notamment les textes, images, graphismes, logos, vid\u00e9os, architecture, ic\u00f4nes et sons.<\/span><\/p>\r\n<p><span style=\"font-weight: 400;\">Toute reproduction, repr\u00e9sentation, modification, publication, adaptation de tout ou partie des \u00e9l\u00e9ments du site, quel que soit le moyen ou le proc\u00e9d\u00e9 utilis\u00e9, est interdite, sauf autorisation \u00e9crite pr\u00e9alable de\u00a0<\/span><b>Jean-Fran\u00e7ois Saurier &#8211; Une chambre perch\u00e9e<\/b><span style=\"font-weight: 400;\">.<\/span><\/p>\r\n<p><span style=\"font-weight: 400;\">Toute exploitation non autoris\u00e9e du site ou de l\u2019un quelconque des \u00e9l\u00e9ments qu\u2019il contient sera consid\u00e9r\u00e9e comme constitutive d\u2019une contrefa\u00e7on et poursuivie conform\u00e9ment aux dispositions des articles\u00a0<\/span><a href=\"https:\/\/www.legifrance.gouv.fr\/affichCodeArticle.do?idArticle=LEGIARTI000032655082&amp;cidTexte=LEGITEXT000006069414&amp;dateTexte=20160605\"><span style=\"font-weight: 400;\">L.335-2 et suivants du Code de Propri\u00e9t\u00e9 Intellectuelle<\/span><\/a><span style=\"font-weight: 400;\">.<\/span><\/p>\r\n<p><b>3 &#8211; Limitations de responsabilit\u00e9.<\/b><\/p>\r\n<p><b>Jean-Fran\u00e7ois Saurier &#8211; Une chambre perch\u00e9e<\/b><span style=\"font-weight: 400;\">\u00a0ne pourra \u00eatre tenu pour responsable des dommages directs et indirects caus\u00e9s au mat\u00e9riel de l\u2019utilisateur, lors de l\u2019acc\u00e8s au site\u00a0<\/span><a href=\"https:\/\/www.unechambreperchee.fr\/en\/\"><b>https:\/\/www.unechambreperchee.fr<\/b><\/a><b>\u00a0<\/b><\/p>\r\n<p><b>Jean-Fran\u00e7ois Saurier &#8211; Une chambre perch\u00e9e<\/b><span style=\"font-weight: 400;\">\u00a0d\u00e9cline toute responsabilit\u00e9 quant \u00e0 l\u2019utilisation qui pourrait \u00eatre faite des informations et contenus pr\u00e9sents sur\u00a0<\/span><b>https:\/\/www.unechambreperchee.fr<\/b><span style=\"font-weight: 400;\">.<\/span><\/p>\r\n<p><b>Jean-Fran\u00e7ois Saurier &#8211; Une chambre perch\u00e9e<\/b><span style=\"font-weight: 400;\">\u00a0s\u2019engage \u00e0 s\u00e9curiser au mieux le site\u00a0<\/span><a href=\"https:\/\/www.unechambreperchee.fr\/en\/\"><b>https:\/\/www.unechambreperchee.fr<\/b><\/a><span style=\"font-weight: 400;\">, cependant sa responsabilit\u00e9 ne pourra \u00eatre mise en cause si des donn\u00e9es ind\u00e9sirables sont import\u00e9es et install\u00e9es sur son site \u00e0 son insu.<\/span><\/p>\r\n<p><span style=\"font-weight: 400;\">Des espaces interactifs (espace contact ou commentaires) sont \u00e0 la disposition des utilisateurs.\u00a0<\/span><b>Jean-Fran\u00e7ois Saurier &#8211; Une chambre perch\u00e9e<\/b><span style=\"font-weight: 400;\">\u00a0se r\u00e9serve le droit de supprimer, sans mise en demeure pr\u00e9alable, tout contenu d\u00e9pos\u00e9 dans cet espace qui contreviendrait \u00e0 la l\u00e9gislation applicable en France, en particulier aux dispositions relatives \u00e0 la protection des donn\u00e9es.<\/span><\/p>\r\n<p><span style=\"font-weight: 400;\">Le cas \u00e9ch\u00e9ant,\u00a0<\/span><b>Jean-Fran\u00e7ois Saurier &#8211; Une chambre perch\u00e9e<\/b><span style=\"font-weight: 400;\">\u00a0se r\u00e9serve \u00e9galement la possibilit\u00e9 de mettre en cause la responsabilit\u00e9 civile et\/ou p\u00e9nale de l\u2019utilisateur, notamment en cas de message \u00e0 caract\u00e8re raciste, injurieux, diffamant, ou pornographique, quel que soit le support utilis\u00e9 (texte, photographie \u2026).<\/span><\/p>\r\n<p><b>4 &#8211; CNIL et gestion des donn\u00e9es personnelles.<\/b><\/p>\r\n<p><span style=\"font-weight: 400;\">Conform\u00e9ment aux dispositions de\u00a0<\/span><a href=\"https:\/\/www.legifrance.gouv.fr\/affichTexte.do?cidTexte=JORFTEXT000000886460\"><span style=\"font-weight: 400;\">la loi 78-17 du 6 janvier 1978 modifi\u00e9e<\/span><\/a><span style=\"font-weight: 400;\">, l\u2019utilisateur du site\u00a0<\/span><b>https:\/\/www.unechambreperchee.fr<\/b><span style=\"font-weight: 400;\">\u00a0dispose d\u2019un droit d\u2019acc\u00e8s, de modification et de suppression des informations collect\u00e9es. Pour exercer ce droit, envoyez un message \u00e0 notre D\u00e9l\u00e9gu\u00e9 \u00e0 la Protection des Donn\u00e9es :\u00a0<\/span><b>Jean-Fran\u00e7ois Saurier<\/b><span style=\"font-weight: 400;\">\u00a0&#8211;\u00a0<\/span><b>jfsaurier@unechambreperchee.fr<\/b><span style=\"font-weight: 400;\">.<\/span><\/p>\r\n<p><span style=\"font-weight: 400;\">Pour plus d&#8217;informations sur la fa\u00e7on dont nous traitons vos donn\u00e9es (type de donn\u00e9es, finalit\u00e9, destinataire&#8230;), lisez notre politique de confidentialit\u00e9\u00a0: \u00a0<\/span><a href=\"https:\/\/www.unechambreperchee.fr\/en\/politique-confidentialite\/\"><b>https:\/\/www.unechambreperchee.fr\/politique-confidentialite<\/b><\/a><\/p>\r\n<p><b>5 &#8211; Liens hypertextes et cookies<\/b><\/p>\r\n<p><span style=\"font-weight: 400;\">Le site\u00a0<\/span><a href=\"https:\/\/www.unechambreperchee.fr\/en\/\"><b>https:\/\/www.unechambreperchee.fr<\/b><\/a> <span style=\"font-weight: 400;\">contient des liens hypertextes vers d\u2019autres sites et d\u00e9gage toute responsabilit\u00e9 \u00e0 propos de ces liens externes ou des liens cr\u00e9\u00e9s par d\u2019autres sites vers\u00a0<\/span><a href=\"https:\/\/www.unechambreperchee.fr\/en\/\"><b>https:\/\/www.unechambreperchee.fr<\/b><\/a><\/p>\r\n<p><span style=\"font-weight: 400;\">La navigation sur le site\u00a0<\/span><a href=\"https:\/\/www.unechambreperchee.fr\/en\/\"><b>https:\/\/www.unechambreperchee.fr<\/b><\/a> <span style=\"font-weight: 400;\">est susceptible de provoquer l\u2019installation de cookie(s) sur l\u2019ordinateur de l\u2019utilisateur.<\/span><\/p>\r\n<p><span style=\"font-weight: 400;\">Un &#8220;cookie&#8221; est un fichier de petite taille qui enregistre des informations relatives \u00e0 la navigation d\u2019un utilisateur sur un site. Les donn\u00e9es ainsi obtenues permettent d&#8217;obtenir des mesures de fr\u00e9quentation, par exemple.<\/span><\/p>\r\n<p><span style=\"font-weight: 400;\">Vous avez la possibilit\u00e9\u00a0<\/span><b>d\u2019accepter ou de refuser les cookies<\/b><span style=\"font-weight: 400;\">\u00a0en modifiant les param\u00e8tres de votre navigateur. Aucun cookie ne sera d\u00e9pos\u00e9 sans votre consentement.<\/span><\/p>\r\n<p><span style=\"font-weight: 400;\">Les cookies sont enregistr\u00e9s pour une dur\u00e9e maximale de\u00a03\u00a0mois.<\/span><\/p>\r\n<p><span style=\"font-weight: 400;\">Pour plus d&#8217;informations sur la fa\u00e7on dont nous faisons usage des cookies, lisez notre\u00a0<\/span><a href=\"https:\/\/www.unechambreperchee.fr\/en\/politique-confidentialite\/\"><b>https:\/\/www.unechambreperchee.fr\/politique-confidentialite<\/b><\/a><b>\u00a0<\/b><\/p>\r\n<p><b>6 &#8211; Droit applicable et attribution de juridiction.<\/b><\/p>\r\n<p><span style=\"font-weight: 400;\">Tout litige en relation avec l\u2019utilisation du site <\/span><a href=\"https:\/\/www.unechambreperchee.fr\/en\/\"><b>https:\/\/www.unechambreperchee.fr<\/b><\/a><span style=\"font-weight: 400;\"> est soumis au droit fran\u00e7ais. En dehors des cas o\u00f9 la loi ne le permet pas, il est fait attribution exclusive de juridiction aux tribunaux comp\u00e9tents de\u00a0<\/span><b>Nantes<\/b><span style=\"font-weight: 400;\">.<\/span><\/p>","protected":false},"excerpt":{"rendered":"<p>1 &#8211; \u00c9dition du site En vertu de\u00a0l&#8217;article 6 de la loi n\u00b0 2004-575 du 21 juin 2004\u00a0pour la confiance dans l&#8217;\u00e9conomie num\u00e9rique, il est pr\u00e9cis\u00e9 aux utilisateurs du site internet\u00a0https:\/\/www.unechambreperchee.fr l&#8217;identit\u00e9 des diff\u00e9rents intervenants dans le cadre de sa r\u00e9alisation et de son suivi: Propri\u00e9taire du site :\u00a0Jean-Fran\u00e7ois Saurier &#8211; Une chambre perch\u00e9e Contact [&hellip;]<\/p>","protected":false},"author":1,"featured_media":0,"parent":0,"menu_order":0,"comment_status":"closed","ping_status":"closed","template":"","meta":{"inline_featured_image":false,"footnotes":""},"class_list":["post-3","page","type-page","status-publish","hentry"],"yoast_head":"<!-- This site is optimized with the Yoast SEO plugin v25.3 - https:\/\/yoast.com\/wordpress\/plugins\/seo\/ -->\n<title>Mentions l\u00e9gales - Une chambre perch\u00e9e - Maison d&#039;h\u00f4tes \u00e0 Nantes<\/title>\n<meta name=\"robots\" content=\"index, follow, max-snippet:-1, max-image-preview:large, max-video-preview:-1\" \/>\n<link rel=\"canonical\" href=\"https:\/\/www.unechambreperchee.fr\/en\/mentions-legales\/\" \/>\n<meta property=\"og:locale\" content=\"en_GB\" \/>\n<meta property=\"og:type\" content=\"article\" \/>\n<meta property=\"og:title\" content=\"Mentions l\u00e9gales - Une chambre perch\u00e9e - Maison d&#039;h\u00f4tes \u00e0 Nantes\" \/>\n<meta property=\"og:description\" content=\"1 &#8211; \u00c9dition du site En vertu de\u00a0l&#8217;article 6 de la loi n\u00b0 2004-575 du 21 juin 2004\u00a0pour la confiance dans l&#8217;\u00e9conomie num\u00e9rique, il est pr\u00e9cis\u00e9 aux utilisateurs du site internet\u00a0https:\/\/www.unechambreperchee.fr l&#8217;identit\u00e9 des diff\u00e9rents intervenants dans le cadre de sa r\u00e9alisation et de son suivi: Propri\u00e9taire du site :\u00a0Jean-Fran\u00e7ois Saurier &#8211; Une chambre perch\u00e9e Contact [&hellip;]\" \/>\n<meta property=\"og:url\" content=\"https:\/\/www.unechambreperchee.fr\/en\/mentions-legales\/\" \/>\n<meta property=\"og:site_name\" content=\"Une chambre perch\u00e9e - Maison d&#039;h\u00f4tes \u00e0 Nantes\" \/>\n<meta property=\"article:modified_time\" content=\"2025-05-06T07:07:04+00:00\" \/>\n<meta name=\"twitter:card\" content=\"summary_large_image\" \/>\n<meta name=\"twitter:label1\" content=\"Estimated reading time\" \/>\n\t<meta name=\"twitter:data1\" content=\"4 minutes\" \/>\n<script type=\"application\/ld+json\" class=\"yoast-schema-graph\">{\"@context\":\"https:\/\/schema.org\",\"@graph\":[{\"@type\":\"WebPage\",\"@id\":\"https:\/\/www.unechambreperchee.fr\/mentions-legales\/\",\"url\":\"https:\/\/www.unechambreperchee.fr\/mentions-legales\/\",\"name\":\"Mentions l\u00e9gales - Une chambre perch\u00e9e - Maison d&#039;h\u00f4tes \u00e0 Nantes\",\"isPartOf\":{\"@id\":\"https:\/\/www.unechambreperchee.fr\/#website\"},\"datePublished\":\"2025-04-09T22:40:11+00:00\",\"dateModified\":\"2025-05-06T07:07:04+00:00\",\"breadcrumb\":{\"@id\":\"https:\/\/www.unechambreperchee.fr\/mentions-legales\/#breadcrumb\"},\"inLanguage\":\"en-GB\",\"potentialAction\":[{\"@type\":\"ReadAction\",\"target\":[\"https:\/\/www.unechambreperchee.fr\/mentions-legales\/\"]}]},{\"@type\":\"BreadcrumbList\",\"@id\":\"https:\/\/www.unechambreperchee.fr\/mentions-legales\/#breadcrumb\",\"itemListElement\":[{\"@type\":\"ListItem\",\"position\":1,\"name\":\"Accueil\",\"item\":\"https:\/\/www.unechambreperchee.fr\/\"},{\"@type\":\"ListItem\",\"position\":2,\"name\":\"Mentions l\u00e9gales\"}]},{\"@type\":\"WebSite\",\"@id\":\"https:\/\/www.unechambreperchee.fr\/#website\",\"url\":\"https:\/\/www.unechambreperchee.fr\/\",\"name\":\"Un chambre Perch\u00e9e\",\"description\":\"Maison d&#039;h\u00f4tes \u00e0 Nantes centre\",\"publisher\":{\"@id\":\"https:\/\/www.unechambreperchee.fr\/#organization\"},\"potentialAction\":[{\"@type\":\"SearchAction\",\"target\":{\"@type\":\"EntryPoint\",\"urlTemplate\":\"https:\/\/www.unechambreperchee.fr\/?s={search_term_string}\"},\"query-input\":{\"@type\":\"PropertyValueSpecification\",\"valueRequired\":true,\"valueName\":\"search_term_string\"}}],\"inLanguage\":\"en-GB\"},{\"@type\":\"Organization\",\"@id\":\"https:\/\/www.unechambreperchee.fr\/#organization\",\"name\":\"Un chambre Perch\u00e9e\",\"url\":\"https:\/\/www.unechambreperchee.fr\/\",\"logo\":{\"@type\":\"ImageObject\",\"inLanguage\":\"en-GB\",\"@id\":\"https:\/\/www.unechambreperchee.fr\/#\/schema\/logo\/image\/\",\"url\":\"https:\/\/www.unechambreperchee.fr\/wp-content\/uploads\/2025\/04\/logo-cp-1.png\",\"contentUrl\":\"https:\/\/www.unechambreperchee.fr\/wp-content\/uploads\/2025\/04\/logo-cp-1.png\",\"width\":261,\"height\":261,\"caption\":\"Un chambre Perch\u00e9e\"},\"image\":{\"@id\":\"https:\/\/www.unechambreperchee.fr\/#\/schema\/logo\/image\/\"}}]}<\/script>\n<!-- \/ Yoast SEO plugin. -->","yoast_head_json":{"title":"Mentions l\u00e9gales - Une chambre perch\u00e9e - Maison d&#039;h\u00f4tes \u00e0 Nantes","robots":{"index":"index","follow":"follow","max-snippet":"max-snippet:-1","max-image-preview":"max-image-preview:large","max-video-preview":"max-video-preview:-1"},"canonical":"https:\/\/www.unechambreperchee.fr\/en\/mentions-legales\/","og_locale":"en_GB","og_type":"article","og_title":"Mentions l\u00e9gales - Une chambre perch\u00e9e - Maison d&#039;h\u00f4tes \u00e0 Nantes","og_description":"1 &#8211; \u00c9dition du site En vertu de\u00a0l&#8217;article 6 de la loi n\u00b0 2004-575 du 21 juin 2004\u00a0pour la confiance dans l&#8217;\u00e9conomie num\u00e9rique, il est pr\u00e9cis\u00e9 aux utilisateurs du site internet\u00a0https:\/\/www.unechambreperchee.fr l&#8217;identit\u00e9 des diff\u00e9rents intervenants dans le cadre de sa r\u00e9alisation et de son suivi: Propri\u00e9taire du site :\u00a0Jean-Fran\u00e7ois Saurier &#8211; Une chambre perch\u00e9e Contact [&hellip;]","og_url":"https:\/\/www.unechambreperchee.fr\/en\/mentions-legales\/","og_site_name":"Une chambre perch\u00e9e - Maison d&#039;h\u00f4tes \u00e0 Nantes","article_modified_time":"2025-05-06T07:07:04+00:00","twitter_card":"summary_large_image","twitter_misc":{"Estimated reading time":"4 minutes"},"schema":{"@context":"https:\/\/schema.org","@graph":[{"@type":"WebPage","@id":"https:\/\/www.unechambreperchee.fr\/mentions-legales\/","url":"https:\/\/www.unechambreperchee.fr\/mentions-legales\/","name":"Mentions l\u00e9gales - Une chambre perch\u00e9e - Maison d&#039;h\u00f4tes \u00e0 Nantes","isPartOf":{"@id":"https:\/\/www.unechambreperchee.fr\/#website"},"datePublished":"2025-04-09T22:40:11+00:00","dateModified":"2025-05-06T07:07:04+00:00","breadcrumb":{"@id":"https:\/\/www.unechambreperchee.fr\/mentions-legales\/#breadcrumb"},"inLanguage":"en-GB","potentialAction":[{"@type":"ReadAction","target":["https:\/\/www.unechambreperchee.fr\/mentions-legales\/"]}]},{"@type":"BreadcrumbList","@id":"https:\/\/www.unechambreperchee.fr\/mentions-legales\/#breadcrumb","itemListElement":[{"@type":"ListItem","position":1,"name":"Accueil","item":"https:\/\/www.unechambreperchee.fr\/"},{"@type":"ListItem","position":2,"name":"Mentions l\u00e9gales"}]},{"@type":"WebSite","@id":"https:\/\/www.unechambreperchee.fr\/#website","url":"https:\/\/www.unechambreperchee.fr\/","name":"Un chambre Perch\u00e9e","description":"Maison d&#039;h\u00f4tes \u00e0 Nantes centre","publisher":{"@id":"https:\/\/www.unechambreperchee.fr\/#organization"},"potentialAction":[{"@type":"SearchAction","target":{"@type":"EntryPoint","urlTemplate":"https:\/\/www.unechambreperchee.fr\/?s={search_term_string}"},"query-input":{"@type":"PropertyValueSpecification","valueRequired":true,"valueName":"search_term_string"}}],"inLanguage":"en-GB"},{"@type":"Organization","@id":"https:\/\/www.unechambreperchee.fr\/#organization","name":"Un chambre Perch\u00e9e","url":"https:\/\/www.unechambreperchee.fr\/","logo":{"@type":"ImageObject","inLanguage":"en-GB","@id":"https:\/\/www.unechambreperchee.fr\/#\/schema\/logo\/image\/","url":"https:\/\/www.unechambreperchee.fr\/wp-content\/uploads\/2025\/04\/logo-cp-1.png","contentUrl":"https:\/\/www.unechambreperchee.fr\/wp-content\/uploads\/2025\/04\/logo-cp-1.png","width":261,"height":261,"caption":"Un chambre Perch\u00e9e"},"image":{"@id":"https:\/\/www.unechambreperchee.fr\/#\/schema\/logo\/image\/"}}]}},"_links":{"self":[{"href":"https:\/\/www.unechambreperchee.fr\/en\/wp-json\/wp\/v2\/pages\/3","targetHints":{"allow":["GET"]}}],"collection":[{"href":"https:\/\/www.unechambreperchee.fr\/en\/wp-json\/wp\/v2\/pages"}],"about":[{"href":"https:\/\/www.unechambreperchee.fr\/en\/wp-json\/wp\/v2\/types\/page"}],"author":[{"embeddable":true,"href":"https:\/\/www.unechambreperchee.fr\/en\/wp-json\/wp\/v2\/users\/1"}],"replies":[{"embeddable":true,"href":"https:\/\/www.unechambreperchee.fr\/en\/wp-json\/wp\/v2\/comments?post=3"}],"version-history":[{"count":3,"href":"https:\/\/www.unechambreperchee.fr\/en\/wp-json\/wp\/v2\/pages\/3\/revisions"}],"predecessor-version":[{"id":1745,"href":"https:\/\/www.unechambreperchee.fr\/en\/wp-json\/wp\/v2\/pages\/3\/revisions\/1745"}],"wp:attachment":[{"href":"https:\/\/www.unechambreperchee.fr\/en\/wp-json\/wp\/v2\/media?parent=3"}],"curies":[{"name":"wp","href":"https:\/\/api.w.org\/{rel}","templated":true}]}}